{"id":20,"date":"2019-06-05T20:14:26","date_gmt":"2019-06-05T18:14:26","guid":{"rendered":"http:\/\/nilnet.homelinux.net:50086\/wordpress\/?page_id=20"},"modified":"2019-09-09T19:55:17","modified_gmt":"2019-09-09T17:55:17","slug":"hardvara","status":"publish","type":"page","link":"https:\/\/nilsongs.dyndns.info\/?page_id=20","title":{"rendered":"H\u00e5rdvara"},"content":{"rendered":"<p style=\"text-align: center;\"><strong>Inspelningen \u00e4r gjord med f\u00f6ljande instrument och h\u00e5rdvara:<\/strong><\/p>\n<p style=\"text-align: center;\">Imac 21.5&#8243; Mid 2011, 16 Gb RAM 256 GB SSD<br \/>\nFocusrite Scarlett 2i4<br \/>\nHagstr\u00f6m Viking<br \/>\nFender Stratocaster VG<br \/>\nFender Musicmaster bas<br \/>\nMidi-synth MK-4903<\/p>\n","protected":false},"excerpt":{"rendered":"<p>Inspelningen \u00e4r gjord med f\u00f6ljande instrument och h\u00e5rdvara: Imac 21.5&#8243; Mid 2011, 16 Gb RAM 256 GB SSD Focusrite Scarlett 2i4 Hagstr\u00f6m Viking Fender Stratocaster VG Fender Musicmaster bas Midi-synth &#8230;<\/p>\n","protected":false},"author":1,"featured_media":0,"parent":0,"menu_order":0,"comment_status":"closed","ping_status":"closed","template":"","meta":{"_monsterinsights_skip_tracking":false,"_monsterinsights_sitenote_active":false,"_monsterinsights_sitenote_note":"","_monsterinsights_sitenote_category":0,"footnotes":""},"class_list":["post-20","page","type-page","status-publish","hentry"],"_links":{"self":[{"href":"https:\/\/nilsongs.dyndns.info\/index.php?rest_route=\/wp\/v2\/pages\/20","targetHints":{"allow":["GET"]}}],"collection":[{"href":"https:\/\/nilsongs.dyndns.info\/index.php?rest_route=\/wp\/v2\/pages"}],"about":[{"href":"https:\/\/nilsongs.dyndns.info\/index.php?rest_route=\/wp\/v2\/types\/page"}],"author":[{"embeddable":true,"href":"https:\/\/nilsongs.dyndns.info\/index.php?rest_route=\/wp\/v2\/users\/1"}],"replies":[{"embeddable":true,"href":"https:\/\/nilsongs.dyndns.info\/index.php?rest_route=%2Fwp%2Fv2%2Fcomments&post=20"}],"version-history":[{"count":5,"href":"https:\/\/nilsongs.dyndns.info\/index.php?rest_route=\/wp\/v2\/pages\/20\/revisions"}],"predecessor-version":[{"id":285,"href":"https:\/\/nilsongs.dyndns.info\/index.php?rest_route=\/wp\/v2\/pages\/20\/revisions\/285"}],"wp:attachment":[{"href":"https:\/\/nilsongs.dyndns.info\/index.php?rest_route=%2Fwp%2Fv2%2Fmedia&parent=20"}],"curies":[{"name":"wp","href":"https:\/\/api.w.org\/{rel}","templated":true}]}}