{"id":1031,"date":"2021-06-04T20:05:17","date_gmt":"2021-06-04T18:05:17","guid":{"rendered":"https:\/\/nilsongs.dyndns.biz:40448\/?page_id=1031"},"modified":"2021-06-05T18:28:54","modified_gmt":"2021-06-05T16:28:54","slug":"rockfabriken-2","status":"publish","type":"page","link":"https:\/\/nilsongs.dyndns.info\/?page_id=1031","title":{"rendered":"Rockfabriken"},"content":{"rendered":"<p><html><\/p>\n<h5>ROCKFABRIKEN 2011-2012<\/h5>\n<p>Peter Stj\u00e4rnstr\u00f6m (Gitarr,s\u00e5ng)<br \/>\nSimon Thomas (trummor)<br \/>Ulf Sv\u00e4rd (bas)<br \/>Hasse Nilsson (Gitarr)<br \/>\nMalin Dillner (s\u00e5ng) <\/p>\n<table style=\"border:none;\">\n<tr>\n<td style=\"border:none;\"><font face=\"Arial Black\">L\u00e5t<\/font><\/td>\n<td style=\"border:none;\"><font face=\"Arial Black\">Tid, plats<\/font><\/td>\n<tr>\n<td style=\"border:none;\"><a href=\"Rockfab\/babylove-Malin-111218.mp3\">Baby Love, (Malin)<\/font><\/a><\/td>\n<td style=\"border:none;\">rep Solna, 2011-12-18<\/font><\/a><\/td>\n<tr>\n<td style=\"border:none;\"><a href=\"Rockfab\/proudmary-Malin-111218.mp3\">Proud Mary (Malin)<\/font><\/a><\/td>\n<td style=\"border:none;\">rep Solna, 2011-12-18<\/font><\/a><\/td>\n<tr>\n<td style=\"border:none;\"><a href=\"Rockfab\/beastofburden-malin-111218.mp3\">Beast of burden (Malin)<\/font><\/a><\/td>\n<td style=\"border:none;\">rep Solna, 2011-12-18<\/font><\/a><\/td>\n<tr>\n<td style=\"border:none;\"><a href=\"Rockfab\/Imyours-malin-111218.mp3\">I&#8217;m yours (Malin)<\/font><\/a><\/td>\n<td style=\"border:none;\">rep Solna, 2011-12-18<\/font><\/a><\/td>\n<tr>\n<td style=\"border:none;\"><a href=\"Rockfab\/baby-love.mp3\">Baby Love<\/font><\/a><\/td>\n<td style=\"border:none;\">rep Solna, 2011-12-18<\/font><\/a><\/td>\n<tr>\n<td style=\"border:none;\"><a href=\"Rockfab\/grenade.mp3\">Grenade<\/font><\/a><\/td>\n<td style=\"border:none;\">rep Solna, 2011-12-09<\/font><\/a><\/td>\n<tr>\n<td style=\"border:none;\"><a href=\"Rockfab\/hit-me-with-your-loveth.mp3\">Hit me with your love thing<\/font><\/a><\/td>\n<td style=\"border:none;\">rep Solna, 2012-06-01<\/font><\/a><\/td>\n<tr>\n<td style=\"border:none;\"><a href=\"Rockfab\/im-coming-out-110802.MP3\">I&#8217;m coming out<\/font><\/a><\/td>\n<td style=\"border:none;\">rep Solna, 2012-06-01<\/font><\/a><\/td>\n<tr>\n<td style=\"border:none;\"><a href=\"Rockfab\/im-going-down.mp3\">I&#8217;m going down<\/font><\/a><\/td>\n<td style=\"border:none;\">rep Solna, 2012-06-01<\/font><\/a><\/td>\n<tr>\n<td style=\"border:none;\"><a href=\"Rockfab\/jagkommer-malin-111218.mp3\">Jag kommer<\/font><\/a><\/td>\n<td style=\"border:none;\">rep Solna, 2011-12-18<\/font><\/a><\/td>\n<tr>\n<td style=\"border:none;\"><a href=\"Rockfab\/jolene-malin-111218.mp3\">Jolene<\/font><\/a><\/td>\n<td style=\"border:none;\">rep Solna, 2011-12-18<\/font><\/a><\/td>\n<tr>\n<td style=\"border:none;\"><a href=\"Rockfab\/kiss.mp3\">Kiss<\/font><\/a><\/td>\n<td style=\"border:none;\">rep Solna, 2011-12-17<\/font><\/a><\/td>\n<tr>\n<td style=\"border:none;\"><a href=\"Rockfab\/let-me-entertain-you.mp3\">Let me entertain you<\/font><\/a><\/td>\n<td style=\"border:none;\">rep Solna, 2012-02-21<\/font><\/a><\/td>\n<tr>\n<td style=\"border:none;\"><a href=\"Rockfab\/lie-to-me-120221.mp3\">Lie to me<\/font><\/a><\/td>\n<td style=\"border:none;\">rep Solna, 2012-02-21<\/font><\/a><\/td>\n<tr>\n<td style=\"border:none;\"><a href=\"Rockfab\/Like-a-prayer.mp3\">Like a prayer<\/font><\/a><\/td>\n<td style=\"border:none;\">rep Solna, 2012-02-21<\/font><\/a><\/td>\n<tr>\n<td style=\"border:none;\"><a href=\"Rockfab\/longtrainrunning-mail-111218.mp3\">Long train running<\/font><\/a><\/td>\n<td style=\"border:none;\">rep Solna, 2011-12-18<\/font><\/a><\/td>\n<tr>\n<td style=\"border:none;\"><a href=\"Rockfab\/never-gonna-be-your-lady-120221.mp3\">Never gonna be your lady<\/font><\/a><\/td>\n<td style=\"border:none;\">rep Solna, 2012-02-21<\/font><\/a><\/td>\n<tr>\n<td style=\"border:none;\"><a href=\"Rockfab\/padded-bra-120221.mp3\">Padded bra<\/font><\/a><\/td>\n<td style=\"border:none;\">rep Solna, 2012-02-21<\/font><\/a><\/td>\n<tr>\n<td style=\"border:none;\"><a href=\"Rockfab\/proud-mary.mp3\">Proud Mary<\/font><\/a><\/td>\n<td style=\"border:none;\">rep Solna, 2011-11-02<\/font><\/a><\/td>\n<tr>\n<td style=\"border:none;\"><a href=\"Rockfab\/rock-steady-120221.mp3\">Rock steady<\/font><\/a><\/td>\n<td style=\"border:none;\">rep Solna, 2012-02-21<\/font><\/a><\/td>\n<tr>\n<td style=\"border:none;\"><a href=\"Rockfab\/thing-called-love-120221.mp3\">Thing called love<\/font><\/a><\/td>\n<td style=\"border:none;\">rep Solna, 2012-02-21<\/font><\/a><\/td>\n<tr>\n<td style=\"border:none;\"><a href=\"Rockfab\/tightrope-120221.mp3\">Tightrope<\/font><\/a><\/td>\n<td style=\"border:none;\">rep Solna 2012-02-21<\/font><\/a><\/td>\n<\/table>\n<p>&nbsp;<\/p>\n<p>&nbsp;<br \/>\n<\/center><br \/>\n<\/body>  <\/p>\n<p>&nbsp;<br \/>\n<\/center><br \/>\n<\/body><\/p>\n","protected":false},"excerpt":{"rendered":"<p>ROCKFABRIKEN 2011-2012 Peter Stj\u00e4rnstr\u00f6m (Gitarr,s\u00e5ng) Simon Thomas (trummor)Ulf Sv\u00e4rd (bas)Hasse Nilsson (Gitarr) Malin Dillner (s\u00e5ng) L\u00e5t Tid, plats Baby Love, (Malin) rep Solna, 2011-12-18 Proud Mary (Malin) rep Solna, 2011-12-18 &#8230;<\/p>\n","protected":false},"author":1,"featured_media":0,"parent":0,"menu_order":0,"comment_status":"closed","ping_status":"closed","template":"","meta":{"_monsterinsights_skip_tracking":false,"_monsterinsights_sitenote_active":false,"_monsterinsights_sitenote_note":"","_monsterinsights_sitenote_category":0,"footnotes":""},"class_list":["post-1031","page","type-page","status-publish","hentry"],"_links":{"self":[{"href":"https:\/\/nilsongs.dyndns.info\/index.php?rest_route=\/wp\/v2\/pages\/1031","targetHints":{"allow":["GET"]}}],"collection":[{"href":"https:\/\/nilsongs.dyndns.info\/index.php?rest_route=\/wp\/v2\/pages"}],"about":[{"href":"https:\/\/nilsongs.dyndns.info\/index.php?rest_route=\/wp\/v2\/types\/page"}],"author":[{"embeddable":true,"href":"https:\/\/nilsongs.dyndns.info\/index.php?rest_route=\/wp\/v2\/users\/1"}],"replies":[{"embeddable":true,"href":"https:\/\/nilsongs.dyndns.info\/index.php?rest_route=%2Fwp%2Fv2%2Fcomments&post=1031"}],"version-history":[{"count":3,"href":"https:\/\/nilsongs.dyndns.info\/index.php?rest_route=\/wp\/v2\/pages\/1031\/revisions"}],"predecessor-version":[{"id":1061,"href":"https:\/\/nilsongs.dyndns.info\/index.php?rest_route=\/wp\/v2\/pages\/1031\/revisions\/1061"}],"wp:attachment":[{"href":"https:\/\/nilsongs.dyndns.info\/index.php?rest_route=%2Fwp%2Fv2%2Fmedia&parent=1031"}],"curies":[{"name":"wp","href":"https:\/\/api.w.org\/{rel}","templated":true}]}}